{"id":43,"date":"2018-05-21T12:42:14","date_gmt":"2018-05-21T10:42:14","guid":{"rendered":"http:\/\/www.metallsonde.eu\/?page_id=43"},"modified":"2020-07-15T13:54:23","modified_gmt":"2020-07-15T11:54:23","slug":"impress","status":"publish","type":"page","link":"https:\/\/www.metallsonde.eu\/?page_id=43","title":{"rendered":"Impress"},"content":{"rendered":"<p>Metallsonde.com<br \/>\nJ. Diefenbach<br \/>\nWiesenstrasse 8<\/p>\n<p>65623 Hahnst\u00e4tten<br \/>\nGermany<br \/>\nPhone: +49 (0)6430\/509347<br \/>\neMail: shop2020(at)metallsonde.com<br \/>\nShop: <a href=\"http:\/\/www.metallsonde.com\" title=\"www.metallsonde.com\" target=\"_blank\" rel=\"noopener noreferrer\">www.metallsonde.com<\/a><\/p>\n<p>Wichtig: Bitte beachten Sie, dass an der oben angegebenen Adresse lediglich die Verwaltung und KEIN Ladengesch\u00e4ft und KEIN Warenlager f\u00fcr Metalldetektoren existiert!<\/p>\n<p>Auf der Website www.metallsonde.eu und allen anderen zu dieser Domain geh\u00f6renden Subdomains befinden sich Links zu anderen Seiten im Internet. Der Informationsanbieter betont ausdr\u00fccklich, dass er keinen Einfluss auf die Gestaltung und den Inhalt der Seiten hat, auf die verwiesen (gelinkt) wird. Der Informationsanbieter kann daher auch keine Gew\u00e4hr f\u00fcr die Aktualit\u00e4t, Korrektheit, Vollst\u00e4ndigkeit oder Qualit\u00e4t der dort bereitgestellten Informationen \u00fcbernehmen. Deshalb distanziert sich der Informationsanbieter hiermit ausdr\u00fccklich von allen Inhalten dieser Seiten. Diese Erkl\u00e4rung gilt f\u00fcr alle enthaltenen Links zu externen Seiten und alle Inhalte dieser Seiten, zu denen diese Links f\u00fchren.<\/p>\n","protected":false},"excerpt":{"rendered":"<p>Metallsonde.com J. Diefenbach Wiesenstrasse 8 65623 Hahnst\u00e4tten Germany Phone: +49 (0)6430\/509347 eMail: shop2020(at)metallsonde.com Shop: www.metallsonde.com Wichtig: Bitte beachten Sie, dass an der oben angegebenen Adresse lediglich die Verwaltung und KEIN Ladengesch\u00e4ft und KEIN Warenlager f\u00fcr Metalldetektoren existiert! Auf der Website www.metallsonde.eu und allen anderen zu dieser Domain geh\u00f6renden Subdomains befinden\u2026<\/p>\n<p class=\"continue-reading-button\"> <a class=\"continue-reading-link\" href=\"https:\/\/www.metallsonde.eu\/?page_id=43\">Continue reading<i class=\"crycon-right-dir\"><\/i><\/a><\/p>\n","protected":false},"author":1,"featured_media":0,"parent":0,"menu_order":0,"comment_status":"closed","ping_status":"closed","template":"","meta":{"footnotes":""},"class_list":["post-43","page","type-page","status-publish","hentry"],"_links":{"self":[{"href":"https:\/\/www.metallsonde.eu\/index.php?rest_route=\/wp\/v2\/pages\/43","targetHints":{"allow":["GET"]}}],"collection":[{"href":"https:\/\/www.metallsonde.eu\/index.php?rest_route=\/wp\/v2\/pages"}],"about":[{"href":"https:\/\/www.metallsonde.eu\/index.php?rest_route=\/wp\/v2\/types\/page"}],"author":[{"embeddable":true,"href":"https:\/\/www.metallsonde.eu\/index.php?rest_route=\/wp\/v2\/users\/1"}],"replies":[{"embeddable":true,"href":"https:\/\/www.metallsonde.eu\/index.php?rest_route=%2Fwp%2Fv2%2Fcomments&post=43"}],"version-history":[{"count":2,"href":"https:\/\/www.metallsonde.eu\/index.php?rest_route=\/wp\/v2\/pages\/43\/revisions"}],"predecessor-version":[{"id":54,"href":"https:\/\/www.metallsonde.eu\/index.php?rest_route=\/wp\/v2\/pages\/43\/revisions\/54"}],"wp:attachment":[{"href":"https:\/\/www.metallsonde.eu\/index.php?rest_route=%2Fwp%2Fv2%2Fmedia&parent=43"}],"curies":[{"name":"wp","href":"https:\/\/api.w.org\/{rel}","templated":true}]}}